{"id":13258,"date":"2020-04-18T13:12:01","date_gmt":"2020-04-18T13:12:01","guid":{"rendered":"https:\/\/electro.asia\/car\/nio-es6-performance\/"},"modified":"2020-04-18T13:12:01","modified_gmt":"2020-04-18T13:12:01","slug":"nio-es6-performance","status":"publish","type":"product","link":"https:\/\/electro.asia\/de\/car\/nio-es6-performance\/","title":{"rendered":"NIO \u2014 ES6, Performance"},"content":{"rendered":"<p>ES6 ist eine gek\u00fcrzte Version des deb\u00fctierten ES8. Die Serie wurde von Designern von BMW entworfen, so dass man sich nicht an die Ergonomie gew\u00f6hnen muss &#8211; alles ist bequem und alles ist durchdacht. Ganz-Aluminium-K\u00f6rper! Im Inneren werden sehr hochwertige Elemente verwendet. Bei dem Geschenk handelt es sich um eine Ladestation f\u00fcr zu Hause, die das Auto f\u00fcr 7-8 Stunden aufl\u00e4dt (\u00e4hnlich kostet der Tesla 2000 Dollar). Das Elektroauto f\u00e4hrt um 5 cm auf und ab. Scharfes und schnelles Fahren mit wechselnden Modi: sportlich, angenehm. 12 Redner. Streben in den Mittelarmlehnen mit kabelloser Aufladung. Drahtloser Schl\u00fcssel. Projektion auf Glas. Eingebauter Safe in den Armlehnen, auf den nur mit Passwort zugegriffen werden kann. Riesige Panoramaluke, die ebenfalls von der NOMI kontrolliert wird. Elektrische Lenkradsteuerung. Gro\u00dfer Touchscreen-Monitor mit einem Navigator mit mehreren Einstellungen. Kamera 360. Fahrzeugsteuerung mit Applikation (heizt oder k\u00fchlt den Innenraum, etc.). Eigenes Parken. USB-Ladung an jedem Stuhl.<\/p>\n<p>Lesen Sie <a href=\"https:\/\/electro.asia\/nio-es6\/\" target=\"_blank\" rel=\"noopener noreferrer\"> detaillierte Beschreibung<\/a>.<\/p>\n","protected":false},"excerpt":{"rendered":"<p>Die Preise werden ohne Zollabfertigung angegeben.<\/p>\n","protected":false},"featured_media":11472,"template":"","meta":[],"product_cat":[483],"product_tag":[],"_links":{"self":[{"href":"https:\/\/electro.asia\/de\/wp-json\/wp\/v2\/product\/13258"}],"collection":[{"href":"https:\/\/electro.asia\/de\/wp-json\/wp\/v2\/product"}],"about":[{"href":"https:\/\/electro.asia\/de\/wp-json\/wp\/v2\/types\/product"}],"wp:featuredmedia":[{"embeddable":true,"href":"https:\/\/electro.asia\/de\/wp-json\/wp\/v2\/media\/11472"}],"wp:attachment":[{"href":"https:\/\/electro.asia\/de\/wp-json\/wp\/v2\/media?parent=13258"}],"wp:term":[{"taxonomy":"product_cat","embeddable":true,"href":"https:\/\/electro.asia\/de\/wp-json\/wp\/v2\/product_cat?post=13258"},{"taxonomy":"product_tag","embeddable":true,"href":"https:\/\/electro.asia\/de\/wp-json\/wp\/v2\/product_tag?post=13258"}],"curies":[{"name":"wp","href":"https:\/\/api.w.org\/{rel}","templated":true}]}}