{"id":13263,"date":"2020-04-18T11:51:43","date_gmt":"2020-04-18T11:51:43","guid":{"rendered":"https:\/\/electro.asia\/car\/byton-m-byte-rwd\/"},"modified":"2020-04-18T11:51:43","modified_gmt":"2020-04-18T11:51:43","slug":"byton-m-byte-rwd","status":"publish","type":"product","link":"https:\/\/electro.asia\/de\/car\/byton-m-byte-rwd\/","title":{"rendered":"BYTON &#8211; M-Byte, RWD"},"content":{"rendered":"<p>M-Byte ist ein Elektroauto f\u00fcr eine neue Generation von Verbrauchern, obwohl es als Tablette hergestellt wird. Der gr\u00f6\u00dfte Bildschirm auf dem Torpedo aller Elektroautos der Welt, der diese Marke von anderen unterscheidet. Um dieses Merkmal herum sind viele Innovationen gemacht worden, die die Einstellung des Autobesitzers zum Fahrzeug als solchem ver\u00e4ndern. Der Bildschirm wird durch Gesten gesteuert, das Auto kann per Stimme gesteuert werden, Identit\u00e4tserkennung, 5G-Internet-Unterst\u00fctzung mit eigener Firewall. Der Verkaufsstart in Europa und den USA ist f\u00fcr 2021 geplant.<\/p>\n<p>Lesen Sie <a href=\"https:\/\/electro.asia\/byton-m-byte\/\" target=\"_blank\" rel=\"noopener noreferrer\"> detaillierte Beschreibung<\/a>.<\/p>\n","protected":false},"excerpt":{"rendered":"<p>Die Preise werden ohne Zollabfertigung angegeben.<\/p>\n","protected":false},"featured_media":11447,"template":"","meta":[],"product_cat":[527],"product_tag":[],"_links":{"self":[{"href":"https:\/\/electro.asia\/de\/wp-json\/wp\/v2\/product\/13263"}],"collection":[{"href":"https:\/\/electro.asia\/de\/wp-json\/wp\/v2\/product"}],"about":[{"href":"https:\/\/electro.asia\/de\/wp-json\/wp\/v2\/types\/product"}],"wp:featuredmedia":[{"embeddable":true,"href":"https:\/\/electro.asia\/de\/wp-json\/wp\/v2\/media\/11447"}],"wp:attachment":[{"href":"https:\/\/electro.asia\/de\/wp-json\/wp\/v2\/media?parent=13263"}],"wp:term":[{"taxonomy":"product_cat","embeddable":true,"href":"https:\/\/electro.asia\/de\/wp-json\/wp\/v2\/product_cat?post=13263"},{"taxonomy":"product_tag","embeddable":true,"href":"https:\/\/electro.asia\/de\/wp-json\/wp\/v2\/product_tag?post=13263"}],"curies":[{"name":"wp","href":"https:\/\/api.w.org\/{rel}","templated":true}]}}